{"id":2490,"date":"2024-03-06T18:36:56","date_gmt":"2024-03-06T17:36:56","guid":{"rendered":"https:\/\/power-cube.globeweb.stronazen.pl\/produkt\/powercube-original-czerwony\/"},"modified":"2024-07-23T11:11:09","modified_gmt":"2024-07-23T09:11:09","slug":"powercube-original-czerwony","status":"publish","type":"product","link":"https:\/\/power-cube.globeweb.stronazen.pl\/en\/product\/powercube-original-czerwony\/","title":{"rendered":"PowerCube Original &#8211; czerwony"},"content":{"rendered":"<section class=\"wp-block-group section-3\"><div class=\"wp-block-group__inner-container is-layout-constrained wp-block-group-is-layout-constrained\">\n<div class=\"wp-block-columns is-layout-flex wp-container-core-columns-is-layout-1 wp-block-columns-is-layout-flex\">\n<div class=\"wp-block-column col-left is-layout-flow wp-block-column-is-layout-flow\" style=\"flex-basis:50%\">\n<figure class=\"wp-block-image size-full\"><img loading=\"lazy\" decoding=\"async\" width=\"705\" height=\"250\" src=\"https:\/\/power-cube.globeweb.stronazen.pl\/wp-content\/uploads\/2023\/08\/Rectangle-66-1.png\" alt=\"\" class=\"wp-image-1935\" srcset=\"https:\/\/power-cube.globeweb.stronazen.pl\/wp-content\/uploads\/2023\/08\/Rectangle-66-1.png 705w, https:\/\/power-cube.globeweb.stronazen.pl\/wp-content\/uploads\/2023\/08\/Rectangle-66-1-416x148.png 416w, https:\/\/power-cube.globeweb.stronazen.pl\/wp-content\/uploads\/2023\/08\/Rectangle-66-1-300x106.png 300w\" sizes=\"(max-width: 705px) 100vw, 705px\" \/><\/figure>\n\n\n\n<figure class=\"wp-block-image size-full\"><img loading=\"lazy\" decoding=\"async\" width=\"705\" height=\"600\" src=\"https:\/\/power-cube.globeweb.stronazen.pl\/wp-content\/uploads\/2023\/08\/Rectangle-67-1.png\" alt=\"\" class=\"wp-image-1936\" srcset=\"https:\/\/power-cube.globeweb.stronazen.pl\/wp-content\/uploads\/2023\/08\/Rectangle-67-1.png 705w, https:\/\/power-cube.globeweb.stronazen.pl\/wp-content\/uploads\/2023\/08\/Rectangle-67-1-416x354.png 416w, https:\/\/power-cube.globeweb.stronazen.pl\/wp-content\/uploads\/2023\/08\/Rectangle-67-1-300x255.png 300w\" sizes=\"(max-width: 705px) 100vw, 705px\" \/><\/figure>\n<\/div>\n\n\n\n<div class=\"wp-block-column col-right is-layout-flow wp-block-column-is-layout-flow\" style=\"flex-basis:50%\">\n<figure class=\"wp-block-image size-full\"><img loading=\"lazy\" decoding=\"async\" width=\"704\" height=\"860\" src=\"https:\/\/power-cube.globeweb.stronazen.pl\/wp-content\/uploads\/2023\/08\/Rectangle-69.png\" alt=\"\" class=\"wp-image-1937\" srcset=\"https:\/\/power-cube.globeweb.stronazen.pl\/wp-content\/uploads\/2023\/08\/Rectangle-69.png 704w, https:\/\/power-cube.globeweb.stronazen.pl\/wp-content\/uploads\/2023\/08\/Rectangle-69-416x508.png 416w, https:\/\/power-cube.globeweb.stronazen.pl\/wp-content\/uploads\/2023\/08\/Rectangle-69-246x300.png 246w\" sizes=\"(max-width: 704px) 100vw, 704px\" \/><\/figure>\n<\/div>\n<\/div>\n<\/div><\/section>\n\n\n\n<section class=\"wp-block-group section-4\"><div class=\"wp-block-group__inner-container is-layout-constrained wp-block-group-is-layout-constrained\">\n<div class=\"wp-block-columns is-layout-flex wp-container-core-columns-is-layout-2 wp-block-columns-is-layout-flex\">\n<div class=\"wp-block-column col-left radius has-background is-layout-flow wp-block-column-is-layout-flow\" style=\"background-color:#b8b8b8;flex-basis:60%\">\n<h2 class=\"wp-block-heading has-text-color\" style=\"color:#141414\">PowerCube Original<br>2100RD\/FRORPC \u2013 czerwony<\/h2>\n\n\n\n<p class=\"has-text-color\" style=\"color:#141414\">PowerCube Original \u2013 to najnowszy sieciowy filtr do zwi\u0119kszania liczby dost\u0119pnych gniazdek elektrycznych. Dzi\u0119ki kompaktowej konstrukcji PowerCube Original optymalnie wykorzystuje ka\u017cdy centymetr wolnego miejsca. Pomimo niewielkich rozmiar\u00f3w, strategicznie po\u0142o\u017cone gniazdka zapobiegaj\u0105 wyst\u0119powaniu problemu, kt\u00f3ry niejednokrotnie pojawia si\u0119 podczas u\u017cywania normalnych przed\u0142u\u017caczy.<\/p>\n<\/div>\n\n\n\n<div class=\"wp-block-column col-right-img is-layout-flow wp-block-column-is-layout-flow\" style=\"flex-basis:40%\">\n<figure class=\"wp-block-image size-full\"><img loading=\"lazy\" decoding=\"async\" width=\"586\" height=\"825\" src=\"https:\/\/power-cube.globeweb.stronazen.pl\/wp-content\/uploads\/2023\/08\/Rectangle-68.png\" alt=\"\" class=\"wp-image-1939\" srcset=\"https:\/\/power-cube.globeweb.stronazen.pl\/wp-content\/uploads\/2023\/08\/Rectangle-68.png 586w, https:\/\/power-cube.globeweb.stronazen.pl\/wp-content\/uploads\/2023\/08\/Rectangle-68-416x586.png 416w, https:\/\/power-cube.globeweb.stronazen.pl\/wp-content\/uploads\/2023\/08\/Rectangle-68-213x300.png 213w\" sizes=\"(max-width: 586px) 100vw, 586px\" \/><\/figure>\n<\/div>\n<\/div>\n<\/div><\/section>\n\n\n\n<section class=\"wp-block-group section-6 radius has-background\" style=\"background-color:#b8b8b8\"><div class=\"wp-block-group__inner-container is-layout-constrained wp-block-group-is-layout-constrained\">\n<h2 class=\"wp-block-heading has-text-color\" style=\"color:#141414\">Jak to dzia\u0142a?<\/h2>\n\n\n\n<div class=\"wp-block-columns columns-wrapper is-layout-flex wp-container-core-columns-is-layout-3 wp-block-columns-is-layout-flex\">\n<div class=\"wp-block-column col-left is-layout-flow wp-block-column-is-layout-flow\">\n<figure class=\"wp-block-image size-full\"><img loading=\"lazy\" decoding=\"async\" width=\"645\" height=\"473\" src=\"https:\/\/power-cube.globeweb.stronazen.pl\/wp-content\/uploads\/2023\/08\/image-1.png\" alt=\"\" class=\"wp-image-1952\" srcset=\"https:\/\/power-cube.globeweb.stronazen.pl\/wp-content\/uploads\/2023\/08\/image-1.png 645w, https:\/\/power-cube.globeweb.stronazen.pl\/wp-content\/uploads\/2023\/08\/image-1-416x305.png 416w, https:\/\/power-cube.globeweb.stronazen.pl\/wp-content\/uploads\/2023\/08\/image-1-300x220.png 300w\" sizes=\"(max-width: 645px) 100vw, 645px\" \/><\/figure>\n\n\n\n<h3 class=\"wp-block-heading has-text-color\" style=\"color:#141414\">Gniazdko mno\u017cnik<\/h3>\n\n\n\n<p class=\"has-text-color\" style=\"color:#141414\">W kuchni cz\u0119sto zdarza si\u0119, \u017ce mamy ograniczony dost\u0119p do gniazdek elektrycznych. PowerCub rozwi\u0105\u017ce problem, je\u015bli chcemy pod\u0142\u0105czy\u0107 jednocze\u015bnie ekspres do kawy, czajnik , mikser, toster czy te\u017c inne urz\u0105dzenie do gotowania.<\/p>\n<\/div>\n\n\n\n<div class=\"wp-block-column col-right is-layout-flow wp-block-column-is-layout-flow\">\n<figure class=\"wp-block-image size-full\"><img loading=\"lazy\" decoding=\"async\" width=\"645\" height=\"473\" src=\"https:\/\/power-cube.globeweb.stronazen.pl\/wp-content\/uploads\/2023\/08\/image-2.png\" alt=\"\" class=\"wp-image-1955\" srcset=\"https:\/\/power-cube.globeweb.stronazen.pl\/wp-content\/uploads\/2023\/08\/image-2.png 645w, https:\/\/power-cube.globeweb.stronazen.pl\/wp-content\/uploads\/2023\/08\/image-2-416x305.png 416w, https:\/\/power-cube.globeweb.stronazen.pl\/wp-content\/uploads\/2023\/08\/image-2-300x220.png 300w\" sizes=\"(max-width: 645px) 100vw, 645px\" \/><\/figure>\n\n\n\n<h3 class=\"wp-block-heading has-text-color\" style=\"color:#141414\">Bez dodatkowych kabli<\/h3>\n\n\n\n<p class=\"has-text-color\" style=\"color:#141414\">Powszechnym i cz\u0119sto irytuj\u0105cym problemem jest pl\u0105tanina przewod\u00f3w znajduj\u0105ca si\u0119 w wielu miejscach w naszym domu czy biurze. Szczeg\u00f3lnie za telewizorem, wie\u017c\u0105 stereo, odtwarzaczem DVD czy konsol\u0105 do gier znajduj\u0105 si\u0119 listwy zasilaj\u0105ce po\u0142\u0105czone ze sob\u0105, aby otrzyma\u0107 wystarczaj\u0105c\u0105 ilo\u015b\u0107 gniazdek. Dzi\u0119ki modu\u0142om PowerCube, wszystkie kable zasilaj\u0105ce mog\u0105 by\u0107 po\u0142\u0105czone w jedno, kompaktowe i estetyczne rozwi\u0105zanie.<\/p>\n<\/div>\n<\/div>\n\n\n\n<div class=\"wp-block-columns columns-wrapper is-layout-flex wp-container-core-columns-is-layout-4 wp-block-columns-is-layout-flex\">\n<div class=\"wp-block-column col-left is-layout-flow wp-block-column-is-layout-flow\">\n<figure class=\"wp-block-image size-full\"><img loading=\"lazy\" decoding=\"async\" width=\"645\" height=\"472\" src=\"https:\/\/power-cube.globeweb.stronazen.pl\/wp-content\/uploads\/2023\/08\/image-3.png\" alt=\"\" class=\"wp-image-1958\" srcset=\"https:\/\/power-cube.globeweb.stronazen.pl\/wp-content\/uploads\/2023\/08\/image-3.png 645w, https:\/\/power-cube.globeweb.stronazen.pl\/wp-content\/uploads\/2023\/08\/image-3-416x304.png 416w, https:\/\/power-cube.globeweb.stronazen.pl\/wp-content\/uploads\/2023\/08\/image-3-300x220.png 300w\" sizes=\"(max-width: 645px) 100vw, 645px\" \/><\/figure>\n\n\n\n<h3 class=\"wp-block-heading has-text-color\" style=\"color:#141414\">No interlocks<\/h3>\n\n\n\n<p class=\"has-text-color\" style=\"color:#141414\">Many times power supplies are equipped with non-standard plugs, which, when plugged into an extension cord several at a time, make it difficult to access free outlets, preventing their use. PowerCube solves this problem!<\/p>\n<\/div>\n\n\n\n<div class=\"wp-block-column col-right is-layout-flow wp-block-column-is-layout-flow\">\n<figure class=\"wp-block-image size-full\"><img loading=\"lazy\" decoding=\"async\" width=\"645\" height=\"472\" src=\"https:\/\/power-cube.globeweb.stronazen.pl\/wp-content\/uploads\/2023\/08\/image-4.png\" alt=\"\" class=\"wp-image-1959\" srcset=\"https:\/\/power-cube.globeweb.stronazen.pl\/wp-content\/uploads\/2023\/08\/image-4.png 645w, https:\/\/power-cube.globeweb.stronazen.pl\/wp-content\/uploads\/2023\/08\/image-4-416x304.png 416w, https:\/\/power-cube.globeweb.stronazen.pl\/wp-content\/uploads\/2023\/08\/image-4-300x220.png 300w\" sizes=\"(max-width: 645px) 100vw, 645px\" \/><\/figure>\n\n\n\n<h3 class=\"wp-block-heading has-text-color\" style=\"color:#141414\">Budowanie wie\u017cy<\/h3>\n\n\n\n<p class=\"has-text-color\" style=\"color:#141414\">PowerCube Original jest systemem modu\u0142owym. Liczba gniazd zasilaj\u0105cych mo\u017ce by\u0107 rozbudowana w zale\u017cno\u015bci od potrzeb, tworz\u0105c dostosowane \u017ar\u00f3d\u0142o zasilania. Kompatybilny z PowerCube Extended.<\/p>\n<\/div>\n<\/div>\n<\/div><\/section>","protected":false},"excerpt":{"rendered":"<p style=\"text-align: center;\">Listwa, rozga\u0142\u0119\u017anik sieciowy PowerCube Original to dodatkowe pi\u0119\u0107 gniazd z uziemieniem w zasi\u0119gu r\u0119ki. Dzi\u0119ki kompaktowej budowie, nie wyst\u0119puje wzajemne blokowanie si\u0119 wtyczek. PowerCube Original sprawdzi si\u0119 w ka\u017cdym pomieszczeniu.<\/p>","protected":false},"featured_media":2491,"comment_status":"open","ping_status":"closed","template":"","meta":{"_acf_changed":false,"_kad_blocks_custom_css":"","_kad_blocks_head_custom_js":"","_kad_blocks_body_custom_js":"","_kad_blocks_footer_custom_js":""},"product_cat":[86,87],"product_tag":[],"class_list":{"0":"post-2490","1":"product","2":"type-product","3":"status-publish","4":"has-post-thumbnail","6":"product_cat-allocacoc","7":"product_cat-powercube-original","8":"pa_ilosc-gniazd-35","10":"first","11":"instock","12":"taxable","13":"shipping-taxable","14":"purchasable","15":"product-type-simple"},"acf":[],"taxonomy_info":{"product_cat":[{"value":86,"label":"Allocacoc"},{"value":87,"label":"PowerCube |Original|"}],"pa_ilosc-gniazd":[{"value":35,"label":"5"}]},"featured_image_src_large":["https:\/\/power-cube.globeweb.stronazen.pl\/wp-content\/uploads\/2024\/03\/3054-1024x810.webp",980,775,true],"author_info":[],"comment_info":0,"_links":{"self":[{"href":"https:\/\/power-cube.globeweb.stronazen.pl\/en\/wp-json\/wp\/v2\/product\/2490"}],"collection":[{"href":"https:\/\/power-cube.globeweb.stronazen.pl\/en\/wp-json\/wp\/v2\/product"}],"about":[{"href":"https:\/\/power-cube.globeweb.stronazen.pl\/en\/wp-json\/wp\/v2\/types\/product"}],"replies":[{"embeddable":true,"href":"https:\/\/power-cube.globeweb.stronazen.pl\/en\/wp-json\/wp\/v2\/comments?post=2490"}],"wp:featuredmedia":[{"embeddable":true,"href":"https:\/\/power-cube.globeweb.stronazen.pl\/en\/wp-json\/wp\/v2\/media\/2491"}],"wp:attachment":[{"href":"https:\/\/power-cube.globeweb.stronazen.pl\/en\/wp-json\/wp\/v2\/media?parent=2490"}],"wp:term":[{"taxonomy":"product_cat","embeddable":true,"href":"https:\/\/power-cube.globeweb.stronazen.pl\/en\/wp-json\/wp\/v2\/product_cat?post=2490"},{"taxonomy":"product_tag","embeddable":true,"href":"https:\/\/power-cube.globeweb.stronazen.pl\/en\/wp-json\/wp\/v2\/product_tag?post=2490"}],"curies":[{"name":"wp","href":"https:\/\/api.w.org\/{rel}","templated":true}]}}