{"id":2478,"date":"2024-03-06T18:36:54","date_gmt":"2024-03-06T17:36:54","guid":{"rendered":"https:\/\/power-cube.globeweb.stronazen.pl\/produkt\/rewirable-travel-plugs\/"},"modified":"2024-04-24T19:22:20","modified_gmt":"2024-04-24T17:22:20","slug":"rewirable-travel-plugs","status":"publish","type":"product","link":"https:\/\/power-cube.globeweb.stronazen.pl\/en\/product\/rewirable-travel-plugs\/","title":{"rendered":"ReWirable Travel Plugs"},"content":{"rendered":"<h1 style=\"text-align: center;\">ReWirable Travel Plugs<\/h1>\n<h2 style=\"text-align: center;\">3600\/DFRWPL<\/h2>\n<h3 style=\"text-align: center;\">zestaw wtyczek AU, EU, UK, US<\/h3>\n<p style=\"text-align: center;\"> <img decoding=\"async\" src=\"https:\/\/power-cube.pl\/userdata\/gfx\/d582cf8d2eab3c6b0b10f0d84d2e3e96.jpg\" alt=\"\" \/><\/p>\n<p style=\"text-align: center;\">Ten zestaw dodatkowych wtyczek dla PowerCube ReWirable i PowerUSB pozwala podr\u00f3\u017cowa\u0107 po \u015bwiecie bez obaw o \u017ar\u00f3d\u0142o zasilania dla posiadanych urz\u0105dze\u0144 elektronicznych.<\/p>\n<p style=\"text-align: center;\">4 wtyczki (w zestawie) s\u0105 kompatybilne z najbardziej popularnymi standardami na \u015bwiecie.<\/p>","protected":false},"excerpt":{"rendered":"<h1 style=\"text-align: center;\">ReWirable Travel Plugs<\/h1>\n<h2 style=\"text-align: center;\">3600\/DFRWPL<\/h2>\n<h3 style=\"text-align: center;\">zestaw wtyczek AU, EU, UK, US<\/h3>\n<p>Ten zestaw dodatkowych wtyczek dla PowerCube ReWirable i PowerUSB pozwala podr\u00f3\u017cowa\u0107 po \u015bwiecie bez obaw o \u017ar\u00f3d\u0142o zasilania dla posiadanych urz\u0105dze\u0144 elektronicznych. 4 wtyczki (w zestawie) s\u0105 kompatybilne z najbardziej popularnymi standardami na \u015bwiecie.<\/p>","protected":false},"featured_media":2479,"comment_status":"open","ping_status":"closed","template":"","meta":{"_acf_changed":false,"_kad_blocks_custom_css":"","_kad_blocks_head_custom_js":"","_kad_blocks_body_custom_js":"","_kad_blocks_footer_custom_js":""},"product_cat":[86,89],"product_tag":[],"class_list":{"0":"post-2478","1":"product","2":"type-product","3":"status-publish","4":"has-post-thumbnail","6":"product_cat-allocacoc","7":"product_cat-powercube-rewirable","9":"first","10":"outofstock","11":"taxable","12":"shipping-taxable","13":"purchasable","14":"product-type-simple"},"acf":[],"taxonomy_info":{"product_cat":[{"value":86,"label":"Allocacoc"},{"value":89,"label":"PowerCube |ReWirable|"}]},"featured_image_src_large":["https:\/\/power-cube.globeweb.stronazen.pl\/wp-content\/uploads\/2024\/03\/d582cf8d2eab3c6b0b10f0d84d2e3e96.jpg",335,251,false],"author_info":[],"comment_info":0,"_links":{"self":[{"href":"https:\/\/power-cube.globeweb.stronazen.pl\/en\/wp-json\/wp\/v2\/product\/2478"}],"collection":[{"href":"https:\/\/power-cube.globeweb.stronazen.pl\/en\/wp-json\/wp\/v2\/product"}],"about":[{"href":"https:\/\/power-cube.globeweb.stronazen.pl\/en\/wp-json\/wp\/v2\/types\/product"}],"replies":[{"embeddable":true,"href":"https:\/\/power-cube.globeweb.stronazen.pl\/en\/wp-json\/wp\/v2\/comments?post=2478"}],"wp:featuredmedia":[{"embeddable":true,"href":"https:\/\/power-cube.globeweb.stronazen.pl\/en\/wp-json\/wp\/v2\/media\/2479"}],"wp:attachment":[{"href":"https:\/\/power-cube.globeweb.stronazen.pl\/en\/wp-json\/wp\/v2\/media?parent=2478"}],"wp:term":[{"taxonomy":"product_cat","embeddable":true,"href":"https:\/\/power-cube.globeweb.stronazen.pl\/en\/wp-json\/wp\/v2\/product_cat?post=2478"},{"taxonomy":"product_tag","embeddable":true,"href":"https:\/\/power-cube.globeweb.stronazen.pl\/en\/wp-json\/wp\/v2\/product_tag?post=2478"}],"curies":[{"name":"wp","href":"https:\/\/api.w.org\/{rel}","templated":true}]}}