{"id":2461,"date":"2024-03-06T18:36:51","date_gmt":"2024-03-06T17:36:51","guid":{"rendered":"https:\/\/power-cube.globeweb.stronazen.pl\/produkt\/powerbar-15-m\/"},"modified":"2024-04-24T19:22:22","modified_gmt":"2024-04-24T17:22:22","slug":"powerbar-15-m","status":"publish","type":"product","link":"https:\/\/power-cube.globeweb.stronazen.pl\/en\/product\/powerbar-15-m\/","title":{"rendered":"PowerBar 1.5 m"},"content":{"rendered":"<h1 style=\"text-align: center;\">PowerBar 1.5 m<\/h1>\n<h2 style=\"text-align: center;\">9101\/PB4SEU<\/h2>\n<p style=\"text-align: center;\">PowerBar &#8211; Listwa zasilaj\u0105ca z czterema wej\u015bciami typu C.<\/p>\n<p style=\"text-align: center;\"><img decoding=\"async\" src=\"https:\/\/power-cube.pl\/public\/assets\/910x\/big9101.png\" alt=\"\" \/><\/p>\n<p style=\"text-align: center;\">Dostarcza 4 dodatkowe gniazda na Twoim biurku.<\/p>\n<p style=\"text-align: center;\">&#8211; stojak mocuj\u0105cy pozwala umie\u015bci\u0107 listw\u0119 nad lub pod twoim biurkiem, tworz\u0105c \u017ar\u00f3d\u0142o pr\u0105du specjalnie dla Ciebie w zasi\u0119gu r\u0119ki<br \/>&#8211; przyjazne dla u\u017cytkownika nachylenie<br \/>&#8211; kompaktowy i w\u0105ski design<\/p>\n<p style=\"text-align: center;\">Najcie\u0144sza i najbardziej p\u0142aska listwa zasilaj\u0105ca<\/p>\n<p><img decoding=\"async\" src=\"https:\/\/power-cube.pl\/public\/assets\/award.jpg\" alt=\"\" \/><\/p>\n<p><strong>Technical specifications:<\/strong><\/p>\n<ul>\n<li>liczba gniazd &#8211; 4<\/li>\n<li>typ gniazda C<\/li>\n<li>napi\u0119cie\/ pr\u0105d nominalny ~250V\/2.5A<\/li>\n<li>d\u0142ugo\u015b\u0107 przewodu 1,5 m<\/li>\n<li>kolor gniazda &#8211; czerwony<\/li>\n<li>waga produktu- 230 g<\/li>\n<li>certyfikaty &#8211; CE, RoHS,<\/li>\n<li>warranty 2 years<\/li>\n<\/ul>\n<table>\n<tbody>\n<tr>\n<td style=\"width: 30%;\"><img decoding=\"async\" src=\"https:\/\/power-cube.pl\/public\/assets\/\/55d590cae4a0d.jpg\" alt=\"\" \/><\/td>\n<td>\n<p style=\"padding-left: 30px;\"><strong>Uchwyt mocuj\u0105cy<\/strong><\/p>\n<p style=\"padding-left: 30px;\">Listwy PowerBar dostarczane s\u0105 wraz z uchwytem, dzi\u0119ki kt\u00f3remu mo\u017cemy przymocowa\u0107 je w dyskretny spos\u00f3b, w zasi\u0119gu r\u0119ki, pod blatem sto\u0142u lub biurka.<\/p>\n<\/td>\n<\/tr>\n<tr>\n<td><img decoding=\"async\" src=\"https:\/\/power-cube.pl\/public\/assets\/\/55cc5f5c39bd6.jpg\" alt=\"\" \/><\/td>\n<td>\n<p style=\"padding-left: 30px;\"><strong>Kompaktowy i elegancki design<\/strong><\/p>\n<p style=\"padding-left: 30px;\">Dzi\u0119ki p\u0142askiej konstrukcji, PowerBar to elegancki dodatek do ka\u017cdego stanowiska pracy, umo\u017cliwiaj\u0105cy pod\u0142\u0105czenie p\u0142askich wtyczek w dyskretny spos\u00f3b.<\/p>\n<\/td>\n<\/tr>\n<\/tbody>\n<\/table>\n<p style=\"text-align: center;\"><img decoding=\"async\" src=\"https:\/\/power-cube.pl\/public\/assets\/910x\/powerbar2.jpg\" alt=\"\" \/><\/p>","protected":false},"excerpt":{"rendered":"<h1 style=\"text-align: center;\">PowerBar 1.5 m<\/h1>\n<h2 style=\"text-align: center;\">9101\/PB4SEU<\/h2>\n<p style=\"text-align: center;\">PowerBar &#8211; Listwa zasilaj\u0105ca z czterema wej\u015bciami typu C.<\/p>","protected":false},"featured_media":2462,"comment_status":"open","ping_status":"closed","template":"","meta":{"_acf_changed":false,"_kad_blocks_custom_css":"","_kad_blocks_head_custom_js":"","_kad_blocks_body_custom_js":"","_kad_blocks_footer_custom_js":""},"product_cat":[86,91],"product_tag":[],"class_list":{"0":"post-2461","1":"product","2":"type-product","3":"status-publish","4":"has-post-thumbnail","6":"product_cat-allocacoc","7":"product_cat-powerbar","9":"first","10":"instock","11":"taxable","12":"shipping-taxable","13":"purchasable","14":"product-type-simple"},"acf":[],"taxonomy_info":{"product_cat":[{"value":86,"label":"Allocacoc"},{"value":91,"label":"PowerBar"}]},"featured_image_src_large":["https:\/\/power-cube.globeweb.stronazen.pl\/wp-content\/uploads\/2024\/03\/6ef9a3538457e20ec4df3c616ed3faf5-1024x576.jpg",980,551,true],"author_info":[],"comment_info":0,"_links":{"self":[{"href":"https:\/\/power-cube.globeweb.stronazen.pl\/en\/wp-json\/wp\/v2\/product\/2461"}],"collection":[{"href":"https:\/\/power-cube.globeweb.stronazen.pl\/en\/wp-json\/wp\/v2\/product"}],"about":[{"href":"https:\/\/power-cube.globeweb.stronazen.pl\/en\/wp-json\/wp\/v2\/types\/product"}],"replies":[{"embeddable":true,"href":"https:\/\/power-cube.globeweb.stronazen.pl\/en\/wp-json\/wp\/v2\/comments?post=2461"}],"wp:featuredmedia":[{"embeddable":true,"href":"https:\/\/power-cube.globeweb.stronazen.pl\/en\/wp-json\/wp\/v2\/media\/2462"}],"wp:attachment":[{"href":"https:\/\/power-cube.globeweb.stronazen.pl\/en\/wp-json\/wp\/v2\/media?parent=2461"}],"wp:term":[{"taxonomy":"product_cat","embeddable":true,"href":"https:\/\/power-cube.globeweb.stronazen.pl\/en\/wp-json\/wp\/v2\/product_cat?post=2461"},{"taxonomy":"product_tag","embeddable":true,"href":"https:\/\/power-cube.globeweb.stronazen.pl\/en\/wp-json\/wp\/v2\/product_tag?post=2461"}],"curies":[{"name":"wp","href":"https:\/\/api.w.org\/{rel}","templated":true}]}}