{"id":2446,"date":"2024-03-06T18:36:48","date_gmt":"2024-03-06T17:36:48","guid":{"rendered":"https:\/\/power-cube.globeweb.stronazen.pl\/produkt\/powercube-rewirable-wtyczki\/"},"modified":"2024-04-24T19:22:23","modified_gmt":"2024-04-24T17:22:23","slug":"powercube-rewirable-wtyczki","status":"publish","type":"product","link":"https:\/\/power-cube.globeweb.stronazen.pl\/en\/product\/powercube-rewirable-wtyczki\/","title":{"rendered":"PowerCube ReWirable + wtyczki"},"content":{"rendered":"<h1 style=\"text-align: center;\">PowerCube ReWirable + 4 wtyczki<\/h1>\n<h2 style=\"text-align: center;\">1820\/FRRW4P<\/h2>\n<p style=\"text-align: center;\">Listwa zasilaj\u0105ca z wymiennym bezpiecznikiem (10 A). PowerCube Rewirable umo\u017cliwia jednoczesne \u0142adowanie pi\u0119ciu urz\u0105dze\u0144 elektronicznych. Ponadto w zestawie do\u0142\u0105czone s\u0105 cztery wtyczki podr\u00f3\u017cne: (US, EU, UK, AU).<\/p>\n<p style=\"text-align: center;\"> <img decoding=\"async\" src=\"https:\/\/power-cube.pl\/public\/assets\/1820-1830\/big1820.png\" alt=\"\" \/><\/p>\n<p><img decoding=\"async\" src=\"https:\/\/power-cube.pl\/public\/assets\/award.jpg\" alt=\"\" \/><\/p>\n<p><strong>Technical specifications:<\/strong><\/p>\n<ul>\n<li>liczba gniazd &#8211; 5<\/li>\n<li>wtyczki podr\u00f3\u017cne: US, EU, UK, AU<\/li>\n<li>E\/(FR) socket type<\/li>\n<li>wymienny bezpiecznik 6A<\/li>\n<li>napi\u0119cie\/ pr\u0105d nominalny ~100-~250V\/6A<\/li>\n<li>moc max: 1500 W<\/li>\n<li>Uziemienie: tak<\/li>\n<li>kolor gniazda &#8211; fioletowy<\/li>\n<li>waga produktu- 370 g<\/li>\n<li>certyfikaty &#8211; CE, RoHS<\/li>\n<li>warranty 2 years<\/li>\n<\/ul>\n<table>\n<tbody>\n<tr>\n<td style=\"width: 30%;\"><img decoding=\"async\" src=\"https:\/\/power-cube.pl\/public\/assets\/\/55d58dd73ba3e.jpg\" alt=\"\" \/><\/td>\n<td>\n<p style=\"padding-left: 30px;\"><strong>Uniwersalne gniazdo &#8211; wtyczka<\/strong><\/p>\n<p style=\"padding-left: 30px;\">PowerCube |ReWirable| wyposa\u017cony jest w gniazdo \u015bwiatowego standardu \u2013 IEC, z wymiennym bezpiecznikiem 6 A. U\u017cyj swojego przewodu IEC od starych urz\u0105dze\u0144 (takich jak komputer czy drukarka) i wykorzystaj go do stworzenia przed\u0142u\u017cacza.<\/p>\n<\/td>\n<\/tr>\n<tr>\n<td> <img decoding=\"async\" src=\"https:\/\/power-cube.pl\/public\/assets\/\/55cc03dc44b84.jpg\" alt=\"\" \/><\/td>\n<td>\n<p style=\"padding-left: 30px;\"><strong>Wiele wtyczek<\/strong><\/p>\n<p style=\"padding-left: 30px;\">Podr\u00f3\u017cowanie z urz\u0105dzeniami i ich \u0142adowarkami cz\u0119sto mo\u017ce by\u0107 stresuj\u0105ce i niepor\u0119czne. PowerCube |ReWirable| i jego kompaktowa budowa sprawia, \u017ce podr\u00f3\u017cujesz z powiewem technologii. <\/p>\n<\/td>\n<\/tr>\n<tr>\n<td style=\"width: 335px;\"> <img decoding=\"async\" src=\"https:\/\/power-cube.pl\/public\/assets\/\/56fb391fdef7e.jpg\" alt=\"\" \/><\/td>\n<td style=\"width: 10px;\">\n<p style=\"padding-left: 30px;\"><strong>Wtyczki podr\u00f3\u017cne<\/strong><\/p>\n<p style=\"padding-left: 30px;\">Podr\u00f3\u017cuj po \u015bwiecie bez obaw o \u0142adowanie urz\u0105dze\u0144 i adaptery, za\u0142\u0105czony komplet wtyczek jest zgodny z wi\u0119kszo\u015bci\u0105 cel\u00f3w podr\u00f3\u017cy: europejskich, ameryka\u0144skich, chi\u0144skich\/australijskich i brytyjskich.<\/p>\n<\/td>\n<\/tr>\n<tr>\n<td> <img decoding=\"async\" src=\"https:\/\/power-cube.pl\/public\/assets\/\/55d57c2baafce.jpg\" alt=\"\" \/><\/td>\n<td>\n<p style=\"padding-left: 30px;\"><strong>Funkcjonalne w domu jak i za granic\u0105<\/strong><\/p>\n<p style=\"padding-left: 30px;\">Po powrocie do domu, by zoptymalizowa\u0107 wykorzystanie PowerCube |ReWirable|, pod\u0142\u0105cz do kostki wtyczk\u0119 kompatybiln\u0105 z Twoimi gniazdkami by stworzy\u0107 listw\u0119 rozdzielaj\u0105c\u0105.<\/p>\n<\/td>\n<\/tr>\n<\/tbody>\n<\/table>\n<p style=\"text-align: center;\"><img decoding=\"async\" src=\"https:\/\/power-cube.pl\/public\/assets\/1820-1830\/rewirable.jpg\" alt=\"\" \/><\/p>\n<p style=\"text-align: center;\"><img decoding=\"async\" src=\"https:\/\/power-cube.pl\/public\/assets\/1820-1830\/rewirable2.jpg\" alt=\"\" \/><\/p>\n<p style=\"text-align: center;\"><iframe loading=\"lazy\" src=\"https:\/\/www.youtube.com\/embed\/yFYKlsh89Gk?rel=0\" width=\"560\" height=\"315\" frameborder=\"0\" allowfullscreen=\"allowfullscreen\"><\/iframe><\/p>","protected":false},"excerpt":{"rendered":"<h1 style=\"text-align: center;\">PowerCube ReWirable + 4 wtyczki<\/h1>\n<h2 style=\"text-align: center;\">1820\/FRRW4P<\/h2>\n<p style=\"text-align: center;\">Listwa zasilaj\u0105ca z wymiennym bezpiecznikiem (10 A). PowerCube Rewirable umo\u017cliwia jednoczesne \u0142adowanie pi\u0119ciu urz\u0105dze\u0144 elektronicznych. Ponadto w zestawie do\u0142\u0105czone s\u0105 cztery wtyczki podr\u00f3\u017cne: (US, EU, UK, AU).<\/p>","protected":false},"featured_media":2447,"comment_status":"open","ping_status":"closed","template":"","meta":{"_acf_changed":false,"_kad_blocks_custom_css":"","_kad_blocks_head_custom_js":"","_kad_blocks_body_custom_js":"","_kad_blocks_footer_custom_js":""},"product_cat":[86,89],"product_tag":[],"class_list":{"0":"post-2446","1":"product","2":"type-product","3":"status-publish","4":"has-post-thumbnail","6":"product_cat-allocacoc","7":"product_cat-powercube-rewirable","9":"first","10":"outofstock","11":"taxable","12":"shipping-taxable","13":"purchasable","14":"product-type-simple"},"acf":[],"taxonomy_info":{"product_cat":[{"value":86,"label":"Allocacoc"},{"value":89,"label":"PowerCube |ReWirable|"}]},"featured_image_src_large":["https:\/\/power-cube.globeweb.stronazen.pl\/wp-content\/uploads\/2024\/03\/b28b5944b602112b5e504dfe2bab85ca-1024x768.jpg",980,735,true],"author_info":[],"comment_info":0,"_links":{"self":[{"href":"https:\/\/power-cube.globeweb.stronazen.pl\/en\/wp-json\/wp\/v2\/product\/2446"}],"collection":[{"href":"https:\/\/power-cube.globeweb.stronazen.pl\/en\/wp-json\/wp\/v2\/product"}],"about":[{"href":"https:\/\/power-cube.globeweb.stronazen.pl\/en\/wp-json\/wp\/v2\/types\/product"}],"replies":[{"embeddable":true,"href":"https:\/\/power-cube.globeweb.stronazen.pl\/en\/wp-json\/wp\/v2\/comments?post=2446"}],"wp:featuredmedia":[{"embeddable":true,"href":"https:\/\/power-cube.globeweb.stronazen.pl\/en\/wp-json\/wp\/v2\/media\/2447"}],"wp:attachment":[{"href":"https:\/\/power-cube.globeweb.stronazen.pl\/en\/wp-json\/wp\/v2\/media?parent=2446"}],"wp:term":[{"taxonomy":"product_cat","embeddable":true,"href":"https:\/\/power-cube.globeweb.stronazen.pl\/en\/wp-json\/wp\/v2\/product_cat?post=2446"},{"taxonomy":"product_tag","embeddable":true,"href":"https:\/\/power-cube.globeweb.stronazen.pl\/en\/wp-json\/wp\/v2\/product_tag?post=2446"}],"curies":[{"name":"wp","href":"https:\/\/api.w.org\/{rel}","templated":true}]}}