{"id":2399,"date":"2024-03-06T18:36:45","date_gmt":"2024-03-06T17:36:45","guid":{"rendered":"https:\/\/power-cube.globeweb.stronazen.pl\/produkt\/powercube-extended-30-m\/"},"modified":"2024-06-23T22:20:45","modified_gmt":"2024-06-23T20:20:45","slug":"powercube-extended-30-m","status":"publish","type":"product","link":"https:\/\/power-cube.globeweb.stronazen.pl\/en\/product\/powercube-extended-30-m\/","title":{"rendered":"PowerCube Extended 3.0 m"},"content":{"rendered":"<h1 style=\"text-align: center;\">PowerCube Extended 3 m<\/h1>\n<h2 style=\"text-align: center;\">2304\/FREXPC &#8211; czerwony<\/h2>\n<p style=\"text-align: center;\">W zestawie PowerCube Extended i Extended USB do\u0142\u0105czony jest system mocowania, kt\u00f3ry pozwala zainstalowa\u0107 urz\u0105dzenie w dogodnym dla siebie miejscu.<\/p>\n<p style=\"text-align: center;\">The PowerCube's ability to be attached to the wall or to the surface of a countertop avoids the tedious task of bending down to reach outlets, which are often located in hard-to-reach places. <\/p>\n<p style=\"text-align: center;\">PowerCube Extended allows several cubes to be connected together.<\/p>\n<p style=\"text-align: center;\"> <img loading=\"lazy\" decoding=\"async\" src=\"\/userdata\/public\/assets\/Pc z logo designnest\/2300RD%20FREXPC.webp\" alt=\"\" width=\"1194\" height=\"854\" \/><\/p>\n<\/p>\n<p><img decoding=\"async\" src=\"https:\/\/power-cube.pl\/public\/assets\/award.jpg\" alt=\"\" \/><\/p>\n<p><strong>Technical specifications:<\/strong><\/p>\n<ul>\n<li>liczba gniazd &#8211; 5<\/li>\n<li>E\/(FR) socket type<\/li>\n<li>napi\u0119cie\/ pr\u0105d nominalny ~250V\/16A<\/li>\n<li>moc max: 3680 W<\/li>\n<li>grounding: yes<\/li>\n<li>child protection: yes<\/li>\n<li>kolor gniazda &#8211; czerwony<\/li>\n<li>waga produktu- 449 g<\/li>\n<li>certifications - CE, RoHS, KEMA<\/li>\n<li>warranty 2 years<\/li>\n<\/ul>\n<table>\n<tbody>\n<tr>\n<td style=\"text-align: center; width: 30%;\"><img decoding=\"async\" src=\"https:\/\/power-cube.pl\/public\/assets\/\/system-mocujacy.jpg\" alt=\"\" \/><\/td>\n<td>\n<p style=\"padding-left: 30px;\"><strong>Fastening system<\/strong> &#8211; w biurach, gniazdka zasilaj\u0105ce cz\u0119sto znajduj\u0105 si\u0119 w trudno dost\u0119pnych miejscach, co komplikuje doj\u015bcie do wolnego gniazda. PowerCube Extended oferuje unikatowy system mocuj\u0105cy, dzi\u0119ki kt\u00f3remu mo\u017cliwe jest umieszczenie kostki na biurku lub pod biurkiem, jednocze\u015bnie maj\u0105c zasilacz w zasi\u0119gu r\u0119ki.<\/p>\n<\/td>\n<\/tr>\n<tr>\n<td style=\"text-align: center;\"><img decoding=\"async\" src=\"https:\/\/power-cube.pl\/public\/assets\/\/tasmamocujaca.jpg\" alt=\"\" \/><\/td>\n<td>\n<p style=\"padding-left: 30px;\"><strong>Removable tapes<\/strong> &#8211; system mocuj\u0105cy znajduj\u0105cy si\u0119 w ka\u017cdym zestawie PowerCube Extended mo\u017ce by\u0107 \u0142atwo przymocowany dzi\u0119ki dw\u00f3m, dwustronnym ta\u015bm\u0105. W celu usuni\u0119cia ta\u015bmy nale\u017cy poci\u0105gn\u0105\u0107 za zaczepy. Klej w ta\u015bmach zosta\u0142 starannie dobrany tak, aby nie pozostawi\u0142 \u017cadnych \u015blad\u00f3w.<\/p>\n<\/td>\n<\/tr>\n<tr>\n<td><img decoding=\"async\" src=\"https:\/\/power-cube.pl\/public\/assets\/\/Noblocking2.jpg\" alt=\"\" \/><\/td>\n<td>\n<p style=\"padding-left: 30px;\"><strong>No interlocks<\/strong> &#8211; niejednokrotnie zasilacze wyposa\u017cone s\u0105 w niestandardowe wtyczki, kt\u00f3re po pod\u0142\u0105czeniu kilku na raz do przed\u0142u\u017cacza, utrudniaj\u0105 dost\u0119p do wolnych gniazd, uniemo\u017cliwiaj\u0105c ich wykorzystanie. PowerCube rozwi\u0105zuje ten problem!<\/p>\n<\/td>\n<\/tr>\n<tr>\n<td style=\"text-align: center;\"><img decoding=\"async\" src=\"https:\/\/power-cube.pl\/public\/assets\/\/Cable%20management.jpg\" alt=\"\" \/><\/td>\n<td>\n<p style=\"padding-left: 30px;\"><strong>Order in cables<\/strong> - PowerCube Extended kits additionally include a Cabel Fix that allows the cable to be attached in a way that makes it easier to keep often-tangled cables in order.<\/p>\n<\/td>\n<\/tr>\n<\/tbody>\n<\/table>\n<p style=\"text-align: center;\"><img decoding=\"async\" src=\"https:\/\/power-cube.pl\/public\/assets\/2100\/original.jpg\" alt=\"\" \/><\/p>\n<p style=\"text-align: center;\"><img decoding=\"async\" src=\"https:\/\/power-cube.pl\/public\/assets\/2100\/original2.jpg\" alt=\"\" \/><\/p>\n<p style=\"text-align: center;\"><img decoding=\"async\" src=\"https:\/\/power-cube.pl\/public\/assets\/2100\/original3.jpg\" alt=\"\" \/><\/p>\n<p style=\"text-align: center;\"><img decoding=\"async\" src=\"https:\/\/power-cube.pl\/public\/assets\/2100\/original4.jpg\" alt=\"\" \/><\/p>\n<p style=\"text-align: center;\"><iframe loading=\"lazy\" src=\"https:\/\/www.youtube.com\/embed\/KvVh1w7YQQk?rel=0\" width=\"853\" height=\"480\" frameborder=\"0\" allowfullscreen=\"allowfullscreen\"><\/iframe><\/p>","protected":false},"excerpt":{"rendered":"<h1 style=\"text-align: center;\">PowerCube Extended 3 m<\/h1>\n<h2 style=\"text-align: center;\">2304\/FREXPC &#8211; czerwony<\/h2>\n<p style=\"text-align: center;\">W zestawie PowerCube Extended i Extended USB do\u0142\u0105czony jest system mocowania, kt\u00f3ry pozwala zainstalowa\u0107 urz\u0105dzenie w dogodnym dla siebie miejscu.<\/p>\n<p style=\"text-align: center;\">The PowerCube's ability to be attached to the wall or to the surface of a countertop avoids the tedious task of bending down to reach outlets, which are often located in hard-to-reach places.<\/p>\n<p style=\"text-align: center;\">PowerCube Extended allows several cubes to be connected together.<\/p>","protected":false},"featured_media":2400,"comment_status":"open","ping_status":"closed","template":"","meta":{"_acf_changed":false,"_kad_blocks_custom_css":"","_kad_blocks_head_custom_js":"","_kad_blocks_body_custom_js":"","_kad_blocks_footer_custom_js":""},"product_cat":[86,88],"product_tag":[],"class_list":{"0":"post-2399","1":"product","2":"type-product","3":"status-publish","4":"has-post-thumbnail","6":"product_cat-allocacoc","7":"product_cat-powercube-extended","9":"first","10":"instock","11":"taxable","12":"shipping-taxable","13":"purchasable","14":"product-type-simple"},"acf":[],"taxonomy_info":{"product_cat":[{"value":86,"label":"Allocacoc"},{"value":88,"label":"PowerCube |Extended|"}]},"featured_image_src_large":["https:\/\/power-cube.globeweb.stronazen.pl\/wp-content\/uploads\/2024\/03\/3112-1024x732.webp",980,701,true],"author_info":[],"comment_info":0,"_links":{"self":[{"href":"https:\/\/power-cube.globeweb.stronazen.pl\/en\/wp-json\/wp\/v2\/product\/2399"}],"collection":[{"href":"https:\/\/power-cube.globeweb.stronazen.pl\/en\/wp-json\/wp\/v2\/product"}],"about":[{"href":"https:\/\/power-cube.globeweb.stronazen.pl\/en\/wp-json\/wp\/v2\/types\/product"}],"replies":[{"embeddable":true,"href":"https:\/\/power-cube.globeweb.stronazen.pl\/en\/wp-json\/wp\/v2\/comments?post=2399"}],"wp:featuredmedia":[{"embeddable":true,"href":"https:\/\/power-cube.globeweb.stronazen.pl\/en\/wp-json\/wp\/v2\/media\/2400"}],"wp:attachment":[{"href":"https:\/\/power-cube.globeweb.stronazen.pl\/en\/wp-json\/wp\/v2\/media?parent=2399"}],"wp:term":[{"taxonomy":"product_cat","embeddable":true,"href":"https:\/\/power-cube.globeweb.stronazen.pl\/en\/wp-json\/wp\/v2\/product_cat?post=2399"},{"taxonomy":"product_tag","embeddable":true,"href":"https:\/\/power-cube.globeweb.stronazen.pl\/en\/wp-json\/wp\/v2\/product_tag?post=2399"}],"curies":[{"name":"wp","href":"https:\/\/api.w.org\/{rel}","templated":true}]}}