{"id":24,"date":"2023-07-04T13:48:59","date_gmt":"2023-07-04T11:48:59","guid":{"rendered":"http:\/\/power-cube.globeweb.stronazen.pl\/?page_id=24"},"modified":"2023-08-29T12:25:45","modified_gmt":"2023-08-29T10:25:45","slug":"o-nas","status":"publish","type":"page","link":"https:\/\/power-cube.globeweb.stronazen.pl\/en\/o-nas\/","title":{"rendered":"About us"},"content":{"rendered":"<section class=\"wp-block-group section-1\"><div class=\"wp-block-group__inner-container is-layout-constrained wp-block-group-is-layout-constrained\">\n<div class=\"wp-block-columns is-layout-flex wp-container-core-columns-is-layout-1 wp-block-columns-is-layout-flex\">\n<div class=\"wp-block-column col-left border radius has-background is-layout-flow wp-block-column-is-layout-flow\" style=\"background-color:#02879f;flex-basis:60%\">\n<h1 class=\"wp-block-heading has-text-color\" style=\"color:#f6f6f6\">About us<\/h1>\n\n\n\n<p class=\"has-text-color\" style=\"color:#f6f6f6\">Welcome to the store Power-Cube.pl!<\/p>\n\n\n\n<p class=\"has-text-color\" style=\"color:#f6f6f6\">We are a leading provider of innovative solutions for your home, office and travel.<br>Our company was founded with a passion for excellent design and functional<br>products that make everyday life easier. Since our inception, we have consistently delivered high-quality products that meet our customers' expectations.<\/p>\n<\/div>\n\n\n\n<div class=\"wp-block-column col-right radius is-layout-flow wp-block-column-is-layout-flow\" style=\"flex-basis:40%\">\n<figure class=\"wp-block-image size-full\"><img loading=\"lazy\" decoding=\"async\" width=\"586\" height=\"588\" src=\"https:\/\/power-cube.globeweb.stronazen.pl\/wp-content\/uploads\/2023\/08\/Rectangle-54-2.png\" alt=\"\" class=\"wp-image-1843\" srcset=\"https:\/\/power-cube.globeweb.stronazen.pl\/wp-content\/uploads\/2023\/08\/Rectangle-54-2.png 586w, https:\/\/power-cube.globeweb.stronazen.pl\/wp-content\/uploads\/2023\/08\/Rectangle-54-2-324x324.png 324w, https:\/\/power-cube.globeweb.stronazen.pl\/wp-content\/uploads\/2023\/08\/Rectangle-54-2-100x100.png 100w, https:\/\/power-cube.globeweb.stronazen.pl\/wp-content\/uploads\/2023\/08\/Rectangle-54-2-416x417.png 416w, https:\/\/power-cube.globeweb.stronazen.pl\/wp-content\/uploads\/2023\/08\/Rectangle-54-2-300x300.png 300w, https:\/\/power-cube.globeweb.stronazen.pl\/wp-content\/uploads\/2023\/08\/Rectangle-54-2-150x150.png 150w, https:\/\/power-cube.globeweb.stronazen.pl\/wp-content\/uploads\/2023\/08\/Rectangle-54-2-32x32.png 32w\" sizes=\"(max-width: 586px) 100vw, 586px\" \/><\/figure>\n<\/div>\n<\/div>\n<\/div><\/section>\n\n\n\n<section class=\"wp-block-group section-2\"><div class=\"wp-block-group__inner-container is-layout-constrained wp-block-group-is-layout-constrained\">\n<div class=\"wp-block-columns is-layout-flex wp-container-core-columns-is-layout-2 wp-block-columns-is-layout-flex\">\n<div class=\"wp-block-column col-left radius is-layout-flow wp-block-column-is-layout-flow\" style=\"flex-basis:70%\">\n<figure class=\"wp-block-image size-full\"><img loading=\"lazy\" decoding=\"async\" width=\"943\" height=\"500\" src=\"https:\/\/power-cube.globeweb.stronazen.pl\/wp-content\/uploads\/2023\/08\/Rectangle-55-2.png\" alt=\"\" class=\"wp-image-1847\" srcset=\"https:\/\/power-cube.globeweb.stronazen.pl\/wp-content\/uploads\/2023\/08\/Rectangle-55-2.png 943w, https:\/\/power-cube.globeweb.stronazen.pl\/wp-content\/uploads\/2023\/08\/Rectangle-55-2-416x221.png 416w, https:\/\/power-cube.globeweb.stronazen.pl\/wp-content\/uploads\/2023\/08\/Rectangle-55-2-300x159.png 300w, https:\/\/power-cube.globeweb.stronazen.pl\/wp-content\/uploads\/2023\/08\/Rectangle-55-2-768x407.png 768w\" sizes=\"(max-width: 943px) 100vw, 943px\" \/><\/figure>\n<\/div>\n\n\n\n<div class=\"wp-block-column col-right border radius is-layout-flow wp-block-column-is-layout-flow\" style=\"flex-basis:30%\">\n<div class=\"wp-block-group col-full-height bottom\"><div class=\"wp-block-group__inner-container is-layout-constrained wp-block-group-is-layout-constrained\">\n<p class=\"has-text-color\" style=\"color:#141414\">At Power-Cube.co.uk, we offer a wide selection of products from reputable brands such as Allocacoc, Twinkly and Niimbot. Our range includes innovative power systems, smart lighting, portable printers and many other practical solutions. We focus on the quality, reliability and functionality of our products to provide you with the best user experience.<\/p>\n<\/div><\/div>\n<\/div>\n<\/div>\n<\/div><\/section>\n\n\n\n<section class=\"wp-block-group section-3\"><div class=\"wp-block-group__inner-container is-layout-constrained wp-block-group-is-layout-constrained\">\n<div class=\"wp-block-columns is-layout-flex wp-container-core-columns-is-layout-3 wp-block-columns-is-layout-flex\">\n<div class=\"wp-block-column col-left border radius is-layout-flow wp-block-column-is-layout-flow\" style=\"flex-basis:30%\">\n<div class=\"wp-block-group col-full-height bottom\"><div class=\"wp-block-group__inner-container is-layout-constrained wp-block-group-is-layout-constrained\">\n<p class=\"has-text-color\" style=\"color:#141414\">We work directly with manufacturers who guarantee high quality and compliance of products with safety standards. Our team meticulously selects products to bring you only proven and innovative solutions.<\/p>\n<\/div><\/div>\n<\/div>\n\n\n\n<div class=\"wp-block-column col-right radius is-layout-flow wp-block-column-is-layout-flow\" style=\"flex-basis:70%\">\n<figure class=\"wp-block-image size-full\"><img loading=\"lazy\" decoding=\"async\" width=\"943\" height=\"500\" src=\"https:\/\/power-cube.globeweb.stronazen.pl\/wp-content\/uploads\/2023\/08\/Rectangle-56.png\" alt=\"\" class=\"wp-image-1849\" srcset=\"https:\/\/power-cube.globeweb.stronazen.pl\/wp-content\/uploads\/2023\/08\/Rectangle-56.png 943w, https:\/\/power-cube.globeweb.stronazen.pl\/wp-content\/uploads\/2023\/08\/Rectangle-56-416x221.png 416w, https:\/\/power-cube.globeweb.stronazen.pl\/wp-content\/uploads\/2023\/08\/Rectangle-56-300x159.png 300w, https:\/\/power-cube.globeweb.stronazen.pl\/wp-content\/uploads\/2023\/08\/Rectangle-56-768x407.png 768w\" sizes=\"(max-width: 943px) 100vw, 943px\" \/><\/figure>\n<\/div>\n<\/div>\n<\/div><\/section>\n\n\n\n<section class=\"wp-block-group section-4\"><div class=\"wp-block-group__inner-container is-layout-constrained wp-block-group-is-layout-constrained\">\n<div class=\"wp-block-columns is-layout-flex wp-container-core-columns-is-layout-4 wp-block-columns-is-layout-flex\">\n<div class=\"wp-block-column col-left radius is-layout-flow wp-block-column-is-layout-flow\" style=\"flex-basis:60%\">\n<figure class=\"wp-block-image size-full\"><img loading=\"lazy\" decoding=\"async\" width=\"824\" height=\"546\" src=\"https:\/\/power-cube.globeweb.stronazen.pl\/wp-content\/uploads\/2023\/08\/Rectangle-59-2.png\" alt=\"\" class=\"wp-image-1854\" srcset=\"https:\/\/power-cube.globeweb.stronazen.pl\/wp-content\/uploads\/2023\/08\/Rectangle-59-2.png 824w, https:\/\/power-cube.globeweb.stronazen.pl\/wp-content\/uploads\/2023\/08\/Rectangle-59-2-416x276.png 416w, https:\/\/power-cube.globeweb.stronazen.pl\/wp-content\/uploads\/2023\/08\/Rectangle-59-2-300x199.png 300w, https:\/\/power-cube.globeweb.stronazen.pl\/wp-content\/uploads\/2023\/08\/Rectangle-59-2-768x509.png 768w\" sizes=\"(max-width: 824px) 100vw, 824px\" \/><\/figure>\n<\/div>\n\n\n\n<div class=\"wp-block-column col-right border radius has-background is-layout-flow wp-block-column-is-layout-flow\" style=\"background-color:#02879f;flex-basis:40%\">\n<div class=\"wp-block-group col-full-height bottom\"><div class=\"wp-block-group__inner-container is-layout-constrained wp-block-group-is-layout-constrained\">\n<p class=\"has-text-color\" style=\"color:#f6f6f6\">Our mission is to provide you with an excellent shopping experience. That's why we put<br>on fast and reliable delivery, professional customer service and comprehensive support<br>after-sales. Our friendly team is ready to answer your questions,<br>provide technical assistance and ensure your complete satisfaction with your purchase.t<\/p>\n<\/div><\/div>\n<\/div>\n<\/div>\n<\/div><\/section>\n\n\n\n<section class=\"wp-block-group section-5\"><div class=\"wp-block-group__inner-container is-layout-constrained wp-block-group-is-layout-constrained\">\n<div class=\"wp-block-columns is-layout-flex wp-container-core-columns-is-layout-5 wp-block-columns-is-layout-flex\">\n<div class=\"wp-block-column col-left border radius is-layout-flow wp-block-column-is-layout-flow\" style=\"flex-basis:40%\">\n<div class=\"wp-block-group col-full-height bottom\"><div class=\"wp-block-group__inner-container is-layout-constrained wp-block-group-is-layout-constrained\">\n<p class=\"has-text-color\" style=\"color:#141414\">We believe that our products can make a positive change in your daily life, organizing your space and creating a moody atmosphere. With our innovative solutions, you can enjoy convenience, efficiency and aesthetics in every aspect of your environment.<\/p>\n<\/div><\/div>\n<\/div>\n\n\n\n<div class=\"wp-block-column col-right radius is-layout-flow wp-block-column-is-layout-flow\" style=\"flex-basis:60%\">\n<figure class=\"wp-block-image size-full\"><img loading=\"lazy\" decoding=\"async\" width=\"824\" height=\"500\" src=\"https:\/\/power-cube.globeweb.stronazen.pl\/wp-content\/uploads\/2023\/08\/Rectangle-60-2.png\" alt=\"\" class=\"wp-image-1856\" srcset=\"https:\/\/power-cube.globeweb.stronazen.pl\/wp-content\/uploads\/2023\/08\/Rectangle-60-2.png 824w, https:\/\/power-cube.globeweb.stronazen.pl\/wp-content\/uploads\/2023\/08\/Rectangle-60-2-416x252.png 416w, https:\/\/power-cube.globeweb.stronazen.pl\/wp-content\/uploads\/2023\/08\/Rectangle-60-2-300x182.png 300w, https:\/\/power-cube.globeweb.stronazen.pl\/wp-content\/uploads\/2023\/08\/Rectangle-60-2-768x466.png 768w\" sizes=\"(max-width: 824px) 100vw, 824px\" \/><\/figure>\n<\/div>\n<\/div>\n<\/div><\/section>\n\n\n\n<section class=\"wp-block-group section-6\"><div class=\"wp-block-group__inner-container is-layout-constrained wp-block-group-is-layout-constrained\">\n<div class=\"wp-block-columns is-layout-flex wp-container-core-columns-is-layout-6 wp-block-columns-is-layout-flex\">\n<div class=\"wp-block-column col-left radius is-layout-flow wp-block-column-is-layout-flow\" style=\"flex-basis:60%\">\n<figure class=\"wp-block-image size-full\"><img loading=\"lazy\" decoding=\"async\" width=\"824\" height=\"546\" src=\"https:\/\/power-cube.globeweb.stronazen.pl\/wp-content\/uploads\/2023\/08\/Rectangle-61-1.png\" alt=\"\" class=\"wp-image-1857\" srcset=\"https:\/\/power-cube.globeweb.stronazen.pl\/wp-content\/uploads\/2023\/08\/Rectangle-61-1.png 824w, https:\/\/power-cube.globeweb.stronazen.pl\/wp-content\/uploads\/2023\/08\/Rectangle-61-1-416x276.png 416w, https:\/\/power-cube.globeweb.stronazen.pl\/wp-content\/uploads\/2023\/08\/Rectangle-61-1-300x199.png 300w, https:\/\/power-cube.globeweb.stronazen.pl\/wp-content\/uploads\/2023\/08\/Rectangle-61-1-768x509.png 768w\" sizes=\"(max-width: 824px) 100vw, 824px\" \/><\/figure>\n<\/div>\n\n\n\n<div class=\"wp-block-column col-right border radius is-layout-flow wp-block-column-is-layout-flow\" style=\"flex-basis:40%\">\n<div class=\"wp-block-group col-full-height bottom\"><div class=\"wp-block-group__inner-container is-layout-constrained wp-block-group-is-layout-constrained\">\n<p>Join our community and discover a world of practical and innovative solutions at Power-Cube.co.uk. High-quality products, competitive prices and an excellent shopping experience await you. Thank you for your trust and we invite you to learn more about our<br>assortment!<\/p>\n\n\n\n<p>Your Power-Cube.pl team<\/p>\n<\/div><\/div>\n<\/div>\n<\/div>\n<\/div><\/section>","protected":false},"excerpt":{"rendered":"<p>O nas Witamy w sklepie Power-Cube.pl! Jeste\u015bmy wiod\u0105cym dostawc\u0105 innowacyjnych rozwi\u0105za\u0144 dla Twojego domu, biura i podr\u00f3\u017cy.Nasza firma zosta\u0142a za\u0142o\u017cona z pasj\u0105 do doskona\u0142ego projektowania i funkcjonalnychprodukt\u00f3w, kt\u00f3re u\u0142atwiaj\u0105 codzienne \u017cycie. Od momentu naszego powstania, konsekwentnie dostarczamy wysokiej jako\u015bci produkty, kt\u00f3re spe\u0142niaj\u0105 oczekiwania naszych klient\u00f3w. W Power-Cube.pl oferujemy szeroki wyb\u00f3r produkt\u00f3w renomowanych marek, takich jak [&hellip;]<\/p>","protected":false},"author":1,"featured_media":0,"parent":0,"menu_order":0,"comment_status":"closed","ping_status":"closed","template":"","meta":{"_acf_changed":false,"_kad_blocks_custom_css":"","_kad_blocks_head_custom_js":"","_kad_blocks_body_custom_js":"","_kad_blocks_footer_custom_js":"","footnotes":""},"class_list":["post-24","page","type-page","status-publish","hentry"],"acf":[],"taxonomy_info":[],"featured_image_src_large":false,"author_info":{"display_name":"globe","author_link":"https:\/\/power-cube.globeweb.stronazen.pl\/en\/author\/globe\/"},"comment_info":0,"_links":{"self":[{"href":"https:\/\/power-cube.globeweb.stronazen.pl\/en\/wp-json\/wp\/v2\/pages\/24"}],"collection":[{"href":"https:\/\/power-cube.globeweb.stronazen.pl\/en\/wp-json\/wp\/v2\/pages"}],"about":[{"href":"https:\/\/power-cube.globeweb.stronazen.pl\/en\/wp-json\/wp\/v2\/types\/page"}],"author":[{"embeddable":true,"href":"https:\/\/power-cube.globeweb.stronazen.pl\/en\/wp-json\/wp\/v2\/users\/1"}],"replies":[{"embeddable":true,"href":"https:\/\/power-cube.globeweb.stronazen.pl\/en\/wp-json\/wp\/v2\/comments?post=24"}],"version-history":[{"count":17,"href":"https:\/\/power-cube.globeweb.stronazen.pl\/en\/wp-json\/wp\/v2\/pages\/24\/revisions"}],"predecessor-version":[{"id":2061,"href":"https:\/\/power-cube.globeweb.stronazen.pl\/en\/wp-json\/wp\/v2\/pages\/24\/revisions\/2061"}],"wp:attachment":[{"href":"https:\/\/power-cube.globeweb.stronazen.pl\/en\/wp-json\/wp\/v2\/media?parent=24"}],"curies":[{"name":"wp","href":"https:\/\/api.w.org\/{rel}","templated":true}]}}