{"id":2000,"date":"2023-08-29T10:21:19","date_gmt":"2023-08-29T08:21:19","guid":{"rendered":"https:\/\/power-cube.globeweb.stronazen.pl\/?page_id=2000"},"modified":"2023-08-29T11:06:12","modified_gmt":"2023-08-29T09:06:12","slug":"karta-produktu-glosniki","status":"publish","type":"page","link":"https:\/\/power-cube.globeweb.stronazen.pl\/en\/karta-produktu-glosniki\/","title":{"rendered":"Karta produktu G\u0142o\u015bniki"},"content":{"rendered":"<section class=\"wp-block-group section-1\"><div class=\"wp-block-group__inner-container is-layout-constrained wp-block-group-is-layout-constrained\">\n<div class=\"wp-block-columns is-layout-flex wp-container-core-columns-is-layout-1 wp-block-columns-is-layout-flex\">\n<div class=\"wp-block-column col-left radius is-layout-flow wp-block-column-is-layout-flow\" style=\"flex-basis:50%\">\n<figure class=\"wp-block-image size-full\"><img loading=\"lazy\" decoding=\"async\" width=\"705\" height=\"687\" src=\"https:\/\/power-cube.globeweb.stronazen.pl\/wp-content\/uploads\/2023\/08\/Rectangle-60-2-1.png\" alt=\"\" class=\"wp-image-2002\" srcset=\"https:\/\/power-cube.globeweb.stronazen.pl\/wp-content\/uploads\/2023\/08\/Rectangle-60-2-1.png 705w, https:\/\/power-cube.globeweb.stronazen.pl\/wp-content\/uploads\/2023\/08\/Rectangle-60-2-1-416x405.png 416w, https:\/\/power-cube.globeweb.stronazen.pl\/wp-content\/uploads\/2023\/08\/Rectangle-60-2-1-300x292.png 300w, https:\/\/power-cube.globeweb.stronazen.pl\/wp-content\/uploads\/2023\/08\/Rectangle-60-2-1-32x32.png 32w\" sizes=\"(max-width: 705px) 100vw, 705px\" \/><\/figure>\n<\/div>\n\n\n\n<div class=\"wp-block-column col-right radius border has-background is-layout-flow wp-block-column-is-layout-flow\" style=\"background-color:#b9e500;flex-basis:50%\">\n<h2 class=\"wp-block-heading has-text-color\" style=\"color:#f6f6f6\">AudioBall UB+ Standing High SET; GREY<\/h2>\n\n\n\n<p class=\"has-text-color\" style=\"color:#f6f6f6\">Kolorowa drukarka etykiet termotransfer dla u\u017cytkownik\u00f3w domowych, biurowych i ma\u0142ych przedsi\u0119biorstw<\/p>\n<\/div>\n<\/div>\n<\/div><\/section>\n\n\n\n<section class=\"wp-block-group section-2\"><div class=\"wp-block-group__inner-container is-layout-constrained wp-block-group-is-layout-constrained\">\n<div class=\"wp-block-columns is-layout-flex wp-container-core-columns-is-layout-4 wp-block-columns-is-layout-flex\">\n<div class=\"wp-block-column column-wrapper radius border is-layout-flow wp-block-column-is-layout-flow\">\n<div class=\"wp-block-columns column-row is-layout-flex wp-container-core-columns-is-layout-2 wp-block-columns-is-layout-flex\">\n<div class=\"wp-block-column is-layout-flow wp-block-column-is-layout-flow\" style=\"flex-basis:33%\">\n<h2 class=\"wp-block-heading has-text-color\" style=\"color:#141414\">Advantages<\/h2>\n<\/div>\n\n\n\n<div class=\"wp-block-column column-element radius border is-layout-flow wp-block-column-is-layout-flow\" style=\"flex-basis:33%\">\n<figure class=\"wp-block-image size-full is-resized\"><img loading=\"lazy\" decoding=\"async\" src=\"https:\/\/power-cube.globeweb.stronazen.pl\/wp-content\/uploads\/2023\/08\/icon.png\" alt=\"\" class=\"wp-image-1923\" style=\"width:210px;height:73px\" width=\"210\" height=\"73\"\/><\/figure>\n\n\n\n<h3 class=\"wp-block-heading has-text-color\" style=\"color:#141414\">Fast delivery<\/h3>\n\n\n\n<p class=\"has-text-color\" style=\"color:#141414\">We focus on speed and efficiency in order processing. Our company makes every effort to ensure that the products you order reach you as soon as possible. We deliver packages in a timely manner so that you can enjoy your purchased products as soon as possible.<\/p>\n<\/div>\n\n\n\n<div class=\"wp-block-column column-element radius border is-layout-flow wp-block-column-is-layout-flow\" style=\"flex-basis:33%\">\n<figure class=\"wp-block-image size-full is-resized\"><img loading=\"lazy\" decoding=\"async\" src=\"https:\/\/power-cube.globeweb.stronazen.pl\/wp-content\/uploads\/2023\/08\/icon-1.png\" alt=\"\" class=\"wp-image-1928\" style=\"width:210px;height:73px\" width=\"210\" height=\"73\"\/><\/figure>\n\n\n\n<h3 class=\"wp-block-heading has-text-color\" style=\"color:#141414\">Timeliness<\/h3>\n\n\n\n<p class=\"has-text-color\" style=\"color:#141414\">We pride ourselves on our timeliness. We respect your time and are committed to meeting established delivery dates. You can rest assured that the products you order will be shipped and delivered on time.<\/p>\n<\/div>\n<\/div>\n\n\n\n<div class=\"wp-block-columns column-row is-layout-flex wp-container-core-columns-is-layout-3 wp-block-columns-is-layout-flex\">\n<div class=\"wp-block-column column-element radius border is-layout-flow wp-block-column-is-layout-flow\" style=\"flex-basis:33%\">\n<figure class=\"wp-block-image size-full is-resized\"><img loading=\"lazy\" decoding=\"async\" src=\"https:\/\/power-cube.globeweb.stronazen.pl\/wp-content\/uploads\/2023\/08\/icon.png\" alt=\"\" class=\"wp-image-1923\" style=\"width:210px;height:73px\" width=\"210\" height=\"73\"\/><\/figure>\n\n\n\n<h3 class=\"wp-block-heading has-text-color\" style=\"color:#141414\">Non-purchase support<\/h3>\n\n\n\n<p class=\"has-text-color\" style=\"color:#141414\">Our commitment to customers doesn't end with placing an order. We provide comprehensive post-purchase support to make sure you are fully satisfied with the products you purchase. Our team is ready,<br>to answer your questions, provide technical assistance, or solve your<br>Any problems you may encounter.<\/p>\n<\/div>\n\n\n\n<div class=\"wp-block-column column-element radius border is-layout-flow wp-block-column-is-layout-flow\" style=\"flex-basis:33%\">\n<figure class=\"wp-block-image size-full is-resized\"><img loading=\"lazy\" decoding=\"async\" src=\"https:\/\/power-cube.globeweb.stronazen.pl\/wp-content\/uploads\/2023\/08\/icon-3.png\" alt=\"\" class=\"wp-image-1931\" style=\"width:210px;height:73px\" width=\"210\" height=\"73\"\/><\/figure>\n\n\n\n<h3 class=\"wp-block-heading has-text-color\" style=\"color:#141414\">High quality goods<\/h3>\n\n\n\n<p class=\"has-text-color\" style=\"color:#141414\">In our store, we offer only high-quality products. We work directly with reputable manufacturers and authorized suppliers to provide our customers with the highest quality products. Each product undergoes rigorous quality testing so that we can provide you with only proven and reliable products.<\/p>\n<\/div>\n\n\n\n<div class=\"wp-block-column column-element radius border is-layout-flow wp-block-column-is-layout-flow\" style=\"flex-basis:33%\">\n<figure class=\"wp-block-image size-full is-resized\"><img loading=\"lazy\" decoding=\"async\" src=\"https:\/\/power-cube.globeweb.stronazen.pl\/wp-content\/uploads\/2023\/08\/icon-2.png\" alt=\"\" class=\"wp-image-1930\" style=\"width:210px;height:73px\" width=\"210\" height=\"73\"\/><\/figure>\n\n\n\n<h3 class=\"wp-block-heading has-text-color\" style=\"color:#141414\">Customer satisfaction<\/h3>\n\n\n\n<p class=\"has-text-color\" style=\"color:#141414\">We are dedicated to the satisfaction of our customers. We strive to make your shopping experience the best it can be. Our priority is to provide you with excellent customer service, shopping satisfaction and a positive experience with the<br>our store.<\/p>\n<\/div>\n<\/div>\n<\/div>\n<\/div>\n<\/div><\/section>\n\n\n\n<section class=\"wp-block-group section-3\"><div class=\"wp-block-group__inner-container is-layout-constrained wp-block-group-is-layout-constrained\">\n<div class=\"wp-block-columns is-layout-flex wp-container-core-columns-is-layout-6 wp-block-columns-is-layout-flex\">\n<div class=\"wp-block-column col-left is-layout-flow wp-block-column-is-layout-flow\" style=\"flex-basis:50%\">\n<div class=\"wp-block-columns columns-img-first-row is-layout-flex wp-container-core-columns-is-layout-5 wp-block-columns-is-layout-flex\">\n<div class=\"wp-block-column is-layout-flow wp-block-column-is-layout-flow\">\n<figure class=\"wp-block-image size-full\"><img loading=\"lazy\" decoding=\"async\" width=\"357\" height=\"520\" src=\"https:\/\/power-cube.globeweb.stronazen.pl\/wp-content\/uploads\/2023\/08\/Rectangle-5747.png\" alt=\"\" class=\"wp-image-2005\" srcset=\"https:\/\/power-cube.globeweb.stronazen.pl\/wp-content\/uploads\/2023\/08\/Rectangle-5747.png 357w, https:\/\/power-cube.globeweb.stronazen.pl\/wp-content\/uploads\/2023\/08\/Rectangle-5747-206x300.png 206w\" sizes=\"(max-width: 357px) 100vw, 357px\" \/><\/figure>\n<\/div>\n\n\n\n<div class=\"wp-block-column is-layout-flow wp-block-column-is-layout-flow\">\n<figure class=\"wp-block-image size-full\"><img loading=\"lazy\" decoding=\"async\" width=\"347\" height=\"520\" src=\"https:\/\/power-cube.globeweb.stronazen.pl\/wp-content\/uploads\/2023\/08\/Rectangle-5746.png\" alt=\"\" class=\"wp-image-2004\" srcset=\"https:\/\/power-cube.globeweb.stronazen.pl\/wp-content\/uploads\/2023\/08\/Rectangle-5746.png 347w, https:\/\/power-cube.globeweb.stronazen.pl\/wp-content\/uploads\/2023\/08\/Rectangle-5746-200x300.png 200w\" sizes=\"(max-width: 347px) 100vw, 347px\" \/><\/figure>\n<\/div>\n<\/div>\n\n\n\n<figure class=\"wp-block-image size-full\"><img loading=\"lazy\" decoding=\"async\" width=\"705\" height=\"330\" src=\"https:\/\/power-cube.globeweb.stronazen.pl\/wp-content\/uploads\/2023\/08\/Rectangle-5745.png\" alt=\"\" class=\"wp-image-2006\" srcset=\"https:\/\/power-cube.globeweb.stronazen.pl\/wp-content\/uploads\/2023\/08\/Rectangle-5745.png 705w, https:\/\/power-cube.globeweb.stronazen.pl\/wp-content\/uploads\/2023\/08\/Rectangle-5745-416x195.png 416w, https:\/\/power-cube.globeweb.stronazen.pl\/wp-content\/uploads\/2023\/08\/Rectangle-5745-300x140.png 300w\" sizes=\"(max-width: 705px) 100vw, 705px\" \/><\/figure>\n<\/div>\n\n\n\n<div class=\"wp-block-column col-right is-layout-flow wp-block-column-is-layout-flow\" style=\"flex-basis:50%\">\n<figure class=\"wp-block-image size-full\"><img loading=\"lazy\" decoding=\"async\" width=\"705\" height=\"860\" src=\"https:\/\/power-cube.globeweb.stronazen.pl\/wp-content\/uploads\/2023\/08\/Rectangle-69-2.png\" alt=\"\" class=\"wp-image-2008\" srcset=\"https:\/\/power-cube.globeweb.stronazen.pl\/wp-content\/uploads\/2023\/08\/Rectangle-69-2.png 705w, https:\/\/power-cube.globeweb.stronazen.pl\/wp-content\/uploads\/2023\/08\/Rectangle-69-2-416x507.png 416w, https:\/\/power-cube.globeweb.stronazen.pl\/wp-content\/uploads\/2023\/08\/Rectangle-69-2-246x300.png 246w\" sizes=\"(max-width: 705px) 100vw, 705px\" \/><\/figure>\n<\/div>\n<\/div>\n<\/div><\/section>\n\n\n\n<section class=\"wp-block-group section-4\"><div class=\"wp-block-group__inner-container is-layout-constrained wp-block-group-is-layout-constrained\">\n<div class=\"wp-block-columns is-layout-flex wp-container-core-columns-is-layout-7 wp-block-columns-is-layout-flex\">\n<div class=\"wp-block-column col-left is-layout-flow wp-block-column-is-layout-flow\" style=\"flex-basis:40%\">\n<figure class=\"wp-block-image size-full\"><img loading=\"lazy\" decoding=\"async\" width=\"586\" height=\"825\" src=\"https:\/\/power-cube.globeweb.stronazen.pl\/wp-content\/uploads\/2023\/08\/Rectangle-67-2-1.png\" alt=\"\" class=\"wp-image-2015\" srcset=\"https:\/\/power-cube.globeweb.stronazen.pl\/wp-content\/uploads\/2023\/08\/Rectangle-67-2-1.png 586w, https:\/\/power-cube.globeweb.stronazen.pl\/wp-content\/uploads\/2023\/08\/Rectangle-67-2-1-416x586.png 416w, https:\/\/power-cube.globeweb.stronazen.pl\/wp-content\/uploads\/2023\/08\/Rectangle-67-2-1-213x300.png 213w\" sizes=\"(max-width: 586px) 100vw, 586px\" \/><\/figure>\n<\/div>\n\n\n\n<div class=\"wp-block-column col-right radius border has-background is-layout-flow wp-block-column-is-layout-flow\" style=\"background-color:#f6f6f6;flex-basis:60%\">\n<h2 class=\"wp-block-heading has-text-color\" style=\"color:#141414\">Lorem ipsum dolor<\/h2>\n\n\n\n<p class=\"has-text-color\" style=\"color:#141414\">Lorem ipsum dolor sit amet consectetur. At pretium id sit pharetra vitae nullam orci. Arcu dictum pulvinar nisl dui pulvinar pretium. At orci sed vulputate mi etiam. At diam viverra morbi vitae scelerisque elit egestas nulla. Vivamus velit arcu pellentesque morbi facilisis. Magna lectus justo venenatis nam id. Diam commodo ac pharetra nullam massa ullamcorper egestas. Purus massa enim pretium nullam. Et nibh facilisi laoreet aliquet congue.<\/p>\n<\/div>\n<\/div>\n<\/div><\/section>\n\n\n\n<section class=\"wp-block-group section-5\"><div class=\"wp-block-group__inner-container is-layout-constrained wp-block-group-is-layout-constrained\">\n<div class=\"wp-block-columns is-layout-flex wp-container-core-columns-is-layout-8 wp-block-columns-is-layout-flex\">\n<div class=\"wp-block-column col-right radius has-background is-layout-flow wp-block-column-is-layout-flow\" style=\"background-color:#b8b8b8;flex-basis:60%\">\n<h2 class=\"wp-block-heading has-text-color\" style=\"color:#141414\">Lorem ipsum dolor<\/h2>\n\n\n\n<p class=\"has-text-color\" style=\"color:#141414\">Lorem ipsum dolor sit amet consectetur. At pretium id sit pharetra vitae nullam orci. Arcu dictum pulvinar nisl dui pulvinar pretium. At orci sed vulputate mi etiam. At diam viverra morbi vitae scelerisque elit egestas nulla. Vivamus velit arcu pellentesque morbi facilisis. Magna lectus justo venenatis nam id. Diam commodo ac pharetra nullam massa ullamcorper egestas. Purus massa enim pretium nullam. Et nibh facilisi laoreet aliquet congue.<\/p>\n<\/div>\n\n\n\n<div class=\"wp-block-column col-left is-layout-flow wp-block-column-is-layout-flow\" style=\"flex-basis:40%\">\n<figure class=\"wp-block-image size-full\"><img loading=\"lazy\" decoding=\"async\" width=\"582\" height=\"825\" src=\"https:\/\/power-cube.globeweb.stronazen.pl\/wp-content\/uploads\/2023\/08\/Rectangle-68-2.png\" alt=\"\" class=\"wp-image-2014\" srcset=\"https:\/\/power-cube.globeweb.stronazen.pl\/wp-content\/uploads\/2023\/08\/Rectangle-68-2.png 582w, https:\/\/power-cube.globeweb.stronazen.pl\/wp-content\/uploads\/2023\/08\/Rectangle-68-2-416x590.png 416w, https:\/\/power-cube.globeweb.stronazen.pl\/wp-content\/uploads\/2023\/08\/Rectangle-68-2-212x300.png 212w\" sizes=\"(max-width: 582px) 100vw, 582px\" \/><\/figure>\n<\/div>\n<\/div>\n<\/div><\/section>\n\n\n\n<section class=\"wp-block-group section-6 radius border\"><div class=\"wp-block-group__inner-container is-layout-constrained wp-block-group-is-layout-constrained\">\n<h2 class=\"wp-block-heading has-text-color\" style=\"color:#141414\">Technical data<\/h2>\n\n\n\n<div class=\"wp-block-columns column-wrapper is-layout-flex wp-container-core-columns-is-layout-9 wp-block-columns-is-layout-flex\">\n<div class=\"wp-block-column col-left is-layout-flow wp-block-column-is-layout-flow\" style=\"flex-basis:50%\">\n<p>Gwarancja<\/p>\n<\/div>\n\n\n\n<div class=\"wp-block-column col-right is-layout-flow wp-block-column-is-layout-flow\" style=\"flex-basis:50%\">\n<p>2 lata<\/p>\n<\/div>\n<\/div>\n\n\n\n<div class=\"wp-block-columns column-wrapper is-layout-flex wp-container-core-columns-is-layout-10 wp-block-columns-is-layout-flex\">\n<div class=\"wp-block-column col-left is-layout-flow wp-block-column-is-layout-flow\" style=\"flex-basis:50%\">\n<p>Kolor<\/p>\n<\/div>\n\n\n\n<div class=\"wp-block-column col-right is-layout-flow wp-block-column-is-layout-flow\" style=\"flex-basis:50%\">\n<p>szary &#8211; po\u0142ysk <\/p>\n<\/div>\n<\/div>\n\n\n\n<div class=\"wp-block-columns column-wrapper is-layout-flex wp-container-core-columns-is-layout-11 wp-block-columns-is-layout-flex\">\n<div class=\"wp-block-column col-left is-layout-flow wp-block-column-is-layout-flow\" style=\"flex-basis:50%\">\n<p>Obs\u0142ugiwane kodeki bluetooth<\/p>\n<\/div>\n\n\n\n<div class=\"wp-block-column col-right is-layout-flow wp-block-column-is-layout-flow\" style=\"flex-basis:50%\">\n<p>Qualcomm\u00ae aptX\u00ae, SBC<\/p>\n<\/div>\n<\/div>\n\n\n\n<div class=\"wp-block-columns column-wrapper is-layout-flex wp-container-core-columns-is-layout-12 wp-block-columns-is-layout-flex\">\n<div class=\"wp-block-column col-left is-layout-flow wp-block-column-is-layout-flow\" style=\"flex-basis:50%\">\n<p>Funkcje dodatkowe<\/p>\n<\/div>\n\n\n\n<div class=\"wp-block-column col-right is-layout-flow wp-block-column-is-layout-flow\" style=\"flex-basis:50%\">\n<p>TWS &#8211; True Wireless Stereo (po sparowaniu dw\u00f3ch g\u0142o\u015bnik\u00f3w ze sob\u0105)<\/p>\n<\/div>\n<\/div>\n\n\n\n<div class=\"wp-block-columns column-wrapper is-layout-flex wp-container-core-columns-is-layout-13 wp-block-columns-is-layout-flex\">\n<div class=\"wp-block-column col-left is-layout-flow wp-block-column-is-layout-flow\" style=\"flex-basis:50%\">\n<p>Przetwornik (pe\u0142nozakresowy)<\/p>\n<\/div>\n\n\n\n<div class=\"wp-block-column col-right is-layout-flow wp-block-column-is-layout-flow\" style=\"flex-basis:50%\">\n<p>5,25&#8243;<\/p>\n<\/div>\n<\/div>\n\n\n\n<div class=\"wp-block-columns column-wrapper is-layout-flex wp-container-core-columns-is-layout-14 wp-block-columns-is-layout-flex\">\n<div class=\"wp-block-column col-left is-layout-flow wp-block-column-is-layout-flow\" style=\"flex-basis:50%\">\n<p>Moc<\/p>\n<\/div>\n\n\n\n<div class=\"wp-block-column col-right is-layout-flow wp-block-column-is-layout-flow\" style=\"flex-basis:50%\">\n<p>20 W <\/p>\n<\/div>\n<\/div>\n\n\n\n<div class=\"wp-block-columns column-wrapper is-layout-flex wp-container-core-columns-is-layout-15 wp-block-columns-is-layout-flex\">\n<div class=\"wp-block-column col-left is-layout-flow wp-block-column-is-layout-flow\" style=\"flex-basis:50%\">\n<p>Impedancja znamionowa<\/p>\n<\/div>\n\n\n\n<div class=\"wp-block-column col-right is-layout-flow wp-block-column-is-layout-flow\" style=\"flex-basis:50%\">\n<p>2 \u03a9 <\/p>\n<\/div>\n<\/div>\n\n\n\n<div class=\"wp-block-columns column-wrapper is-layout-flex wp-container-core-columns-is-layout-16 wp-block-columns-is-layout-flex\">\n<div class=\"wp-block-column col-left is-layout-flow wp-block-column-is-layout-flow\" style=\"flex-basis:50%\">\n<p> Wzmacniacz <\/p>\n<\/div>\n\n\n\n<div class=\"wp-block-column col-right is-layout-flow wp-block-column-is-layout-flow\" style=\"flex-basis:50%\">\n<p>25 W<\/p>\n<\/div>\n<\/div>\n\n\n\n<div class=\"wp-block-columns column-wrapper is-layout-flex wp-container-core-columns-is-layout-17 wp-block-columns-is-layout-flex\">\n<div class=\"wp-block-column col-left is-layout-flow wp-block-column-is-layout-flow\" style=\"flex-basis:50%\">\n<p>Wymiary zewn\u0119trzne (szeroko\u015b\u0107\/g\u0142\u0119boko\u015b\u0107\/wysoko\u015b\u0107)<\/p>\n<\/div>\n\n\n\n<div class=\"wp-block-column col-right is-layout-flow wp-block-column-is-layout-flow\" style=\"flex-basis:50%\">\n<p>26,5 x 23,7 x 25 cm <\/p>\n<\/div>\n<\/div>\n\n\n\n<div class=\"wp-block-columns column-wrapper is-layout-flex wp-container-core-columns-is-layout-18 wp-block-columns-is-layout-flex\">\n<div class=\"wp-block-column col-left is-layout-flow wp-block-column-is-layout-flow\" style=\"flex-basis:50%\">\n<p>\u015arednica obudowy <\/p>\n<\/div>\n\n\n\n<div class=\"wp-block-column col-right is-layout-flow wp-block-column-is-layout-flow\" style=\"flex-basis:50%\">\n<p>25 cm <\/p>\n<\/div>\n<\/div>\n\n\n\n<div class=\"wp-block-columns column-wrapper is-layout-flex wp-container-core-columns-is-layout-19 wp-block-columns-is-layout-flex\">\n<div class=\"wp-block-column col-left is-layout-flow wp-block-column-is-layout-flow\" style=\"flex-basis:50%\">\n<p>Waga g\u0142o\u015bnika <\/p>\n<\/div>\n\n\n\n<div class=\"wp-block-column col-right is-layout-flow wp-block-column-is-layout-flow\" style=\"flex-basis:50%\">\n<p>0,98 kg<\/p>\n<\/div>\n<\/div>\n\n\n\n<div class=\"wp-block-columns column-wrapper is-layout-flex wp-container-core-columns-is-layout-20 wp-block-columns-is-layout-flex\">\n<div class=\"wp-block-column col-left is-layout-flow wp-block-column-is-layout-flow\" style=\"flex-basis:50%\">\n<p>Wej\u015bcie audio<\/p>\n<\/div>\n\n\n\n<div class=\"wp-block-column col-right is-layout-flow wp-block-column-is-layout-flow\" style=\"flex-basis:50%\">\n<p>Bluetooth + 3,5 mm minijack  <\/p>\n<\/div>\n<\/div>\n\n\n\n<div class=\"wp-block-columns column-wrapper is-layout-flex wp-container-core-columns-is-layout-21 wp-block-columns-is-layout-flex\">\n<div class=\"wp-block-column col-left is-layout-flow wp-block-column-is-layout-flow\" style=\"flex-basis:50%\">\n<p>Pasmo przenoszenia<\/p>\n<\/div>\n\n\n\n<div class=\"wp-block-column col-right is-layout-flow wp-block-column-is-layout-flow\" style=\"flex-basis:50%\">\n<p>45 Hz &#8211; 18 kHz<\/p>\n<\/div>\n<\/div>\n\n\n\n<div class=\"wp-block-columns column-wrapper is-layout-flex wp-container-core-columns-is-layout-22 wp-block-columns-is-layout-flex\">\n<div class=\"wp-block-column col-left is-layout-flow wp-block-column-is-layout-flow\" style=\"flex-basis:50%\">\n<p> Efektywno\u015b\u0107 <\/p>\n<\/div>\n\n\n\n<div class=\"wp-block-column col-right is-layout-flow wp-block-column-is-layout-flow\" style=\"flex-basis:50%\">\n<p>95 dB<\/p>\n<\/div>\n<\/div>\n\n\n\n<div class=\"wp-block-columns column-wrapper is-layout-flex wp-container-core-columns-is-layout-23 wp-block-columns-is-layout-flex\">\n<div class=\"wp-block-column col-left is-layout-flow wp-block-column-is-layout-flow\" style=\"flex-basis:50%\">\n<p>Pojemno\u015b\u0107 baterii <\/p>\n<\/div>\n\n\n\n<div class=\"wp-block-column col-right is-layout-flow wp-block-column-is-layout-flow\" style=\"flex-basis:50%\">\n<p>200 mAh @ 7,4 V DC<\/p>\n<\/div>\n<\/div>\n\n\n\n<div class=\"wp-block-columns column-wrapper is-layout-flex wp-container-core-columns-is-layout-24 wp-block-columns-is-layout-flex\">\n<div class=\"wp-block-column col-left is-layout-flow wp-block-column-is-layout-flow\" style=\"flex-basis:50%\">\n<p>\u0141adowanie<\/p>\n<\/div>\n\n\n\n<div class=\"wp-block-column col-right is-layout-flow wp-block-column-is-layout-flow\" style=\"flex-basis:50%\">\n<p>5 V DC USB-C \u00a0<\/p>\n<\/div>\n<\/div>\n\n\n\n<div class=\"wp-block-columns column-wrapper is-layout-flex wp-container-core-columns-is-layout-25 wp-block-columns-is-layout-flex\">\n<div class=\"wp-block-column col-left is-layout-flow wp-block-column-is-layout-flow\" style=\"flex-basis:50%\">\n<p>Czas \u0142adowania <\/p>\n<\/div>\n\n\n\n<div class=\"wp-block-column col-right is-layout-flow wp-block-column-is-layout-flow\" style=\"flex-basis:50%\">\n<p>3-6 godzin <\/p>\n<\/div>\n<\/div>\n\n\n\n<div class=\"wp-block-columns column-wrapper is-layout-flex wp-container-core-columns-is-layout-26 wp-block-columns-is-layout-flex\">\n<div class=\"wp-block-column col-left is-layout-flow wp-block-column-is-layout-flow\" style=\"flex-basis:50%\">\n<p>Czas odtwarzania <\/p>\n<\/div>\n\n\n\n<div class=\"wp-block-column col-right is-layout-flow wp-block-column-is-layout-flow\" style=\"flex-basis:50%\">\n<p>do 30 godzin<\/p>\n<\/div>\n<\/div>\n\n\n\n<div class=\"wp-block-columns column-wrapper is-layout-flex wp-container-core-columns-is-layout-27 wp-block-columns-is-layout-flex\">\n<div class=\"wp-block-column col-left is-layout-flow wp-block-column-is-layout-flow\" style=\"flex-basis:50%\">\n<p>W zestawie<\/p>\n<\/div>\n\n\n\n<div class=\"wp-block-column col-right is-layout-flow wp-block-column-is-layout-flow\" style=\"flex-basis:50%\">\n<p>podstawka + tripod (wys. 66 cm \/ szer. 45,4 cm)<\/p>\n<\/div>\n<\/div>\n<\/div><\/section>","protected":false},"excerpt":{"rendered":"<p>AudioBall UB+ Standing High SET; GREY Kolorowa drukarka etykiet termotransfer dla u\u017cytkownik\u00f3w domowych, biurowych i ma\u0142ych przedsi\u0119biorstw Zalety Szybka dostawa Stawiamy na szybko\u015b\u0107 i efektywno\u015b\u0107 w realizacji zam\u00f3wie\u0144. Nasza firma dok\u0142ada wszelkich stara\u0144, aby zam\u00f3wione produkty dotar\u0142y do Ciebie jak najszybciej. Dostarczamy paczki terminowo, aby\u015b m\u00f3g\u0142 cieszy\u0107 si\u0119 zakupionymi produktami jak najszybciej. Terminowo\u015b\u0107 Jeste\u015bmy dumni [&hellip;]<\/p>","protected":false},"author":3,"featured_media":0,"parent":0,"menu_order":0,"comment_status":"closed","ping_status":"closed","template":"","meta":{"_acf_changed":false,"_kad_blocks_custom_css":"","_kad_blocks_head_custom_js":"","_kad_blocks_body_custom_js":"","_kad_blocks_footer_custom_js":"","footnotes":""},"class_list":["post-2000","page","type-page","status-publish","hentry"],"acf":[],"taxonomy_info":[],"featured_image_src_large":false,"author_info":{"display_name":"Mateusz","author_link":"https:\/\/power-cube.globeweb.stronazen.pl\/en\/author\/mati\/"},"comment_info":0,"_links":{"self":[{"href":"https:\/\/power-cube.globeweb.stronazen.pl\/en\/wp-json\/wp\/v2\/pages\/2000"}],"collection":[{"href":"https:\/\/power-cube.globeweb.stronazen.pl\/en\/wp-json\/wp\/v2\/pages"}],"about":[{"href":"https:\/\/power-cube.globeweb.stronazen.pl\/en\/wp-json\/wp\/v2\/types\/page"}],"author":[{"embeddable":true,"href":"https:\/\/power-cube.globeweb.stronazen.pl\/en\/wp-json\/wp\/v2\/users\/3"}],"replies":[{"embeddable":true,"href":"https:\/\/power-cube.globeweb.stronazen.pl\/en\/wp-json\/wp\/v2\/comments?post=2000"}],"version-history":[{"count":10,"href":"https:\/\/power-cube.globeweb.stronazen.pl\/en\/wp-json\/wp\/v2\/pages\/2000\/revisions"}],"predecessor-version":[{"id":2023,"href":"https:\/\/power-cube.globeweb.stronazen.pl\/en\/wp-json\/wp\/v2\/pages\/2000\/revisions\/2023"}],"wp:attachment":[{"href":"https:\/\/power-cube.globeweb.stronazen.pl\/en\/wp-json\/wp\/v2\/media?parent=2000"}],"curies":[{"name":"wp","href":"https:\/\/api.w.org\/{rel}","templated":true}]}}